{"id":12,"date":"2022-08-24T13:38:30","date_gmt":"2022-08-24T13:38:30","guid":{"rendered":"https:\/\/biohof-heinrich.at.85-25-43-18.atlantic717.startdedicated.de\/?page_id=12"},"modified":"2022-10-16T09:01:54","modified_gmt":"2022-10-16T09:01:54","slug":"futtermittel","status":"publish","type":"page","link":"https:\/\/www.biohof-heinrich.at\/?page_id=12","title":{"rendered":"Futtermittel"},"content":{"rendered":"\t\t<div data-elementor-type=\"wp-page\" data-elementor-id=\"12\" class=\"elementor elementor-12\" data-elementor-post-type=\"page\">\n\t\t\t\t\t\t<section data-particle_enable=\"false\" data-particle-mobile-disabled=\"false\" class=\"elementor-section elementor-top-section elementor-element elementor-element-309dbff elementor-section-full_width elementor-section-height-default elementor-section-height-default\" data-id=\"309dbff\" data-element_type=\"section\" data-e-type=\"section\">\n\t\t\t\t\t\t<div class=\"elementor-container elementor-column-gap-no\">\n\t\t\t\t\t<div class=\"elementor-column elementor-col-100 elementor-top-column elementor-element elementor-element-7b03b6f\" data-id=\"7b03b6f\" data-element_type=\"column\" data-e-type=\"column\">\n\t\t\t<div class=\"elementor-widget-wrap elementor-element-populated\">\n\t\t\t\t\t\t<div class=\"elementor-element elementor-element-631e945 elementor--h-position-center elementor--v-position-middle elementor-arrows-position-inside elementor-pagination-position-inside elementor-widget elementor-widget-slides\" data-id=\"631e945\" data-element_type=\"widget\" data-e-type=\"widget\" data-settings=\"{&quot;autoplay_speed&quot;:4000,&quot;transition&quot;:&quot;fade&quot;,&quot;navigation&quot;:&quot;both&quot;,&quot;autoplay&quot;:&quot;yes&quot;,&quot;pause_on_hover&quot;:&quot;yes&quot;,&quot;pause_on_interaction&quot;:&quot;yes&quot;,&quot;infinite&quot;:&quot;yes&quot;,&quot;transition_speed&quot;:500}\" data-widget_type=\"slides.default\">\n\t\t\t\t<div class=\"elementor-widget-container\">\n\t\t\t\t\t\t\t<div class=\"elementor-swiper\">\n\t\t\t<div class=\"elementor-slides-wrapper elementor-main-swiper swiper-container\" dir=\"ltr\" data-animation=\"fadeInUp\">\n\t\t\t\t<div class=\"swiper-wrapper elementor-slides\">\n\t\t\t\t\t\t\t\t\t\t<div class=\"elementor-repeater-item-ef34ce4 swiper-slide\"><div class=\"swiper-slide-bg elementor-ken-burns elementor-ken-burns--in\" role=\"img\"><\/div><a class=\"swiper-slide-inner\" href=\"#elementor-action%3Aaction%3Dpopup%3Aopen%26settings%3DeyJpZCI6IjUwOSIsInRvZ2dsZSI6ZmFsc2V9\"><div class=\"swiper-slide-contents\"><\/div><\/a><\/div><div class=\"elementor-repeater-item-353b5bb swiper-slide\"><div class=\"swiper-slide-bg elementor-ken-burns elementor-ken-burns--in\" role=\"img\"><\/div><a class=\"swiper-slide-inner\" href=\"#elementor-action%3Aaction%3Dpopup%3Aopen%26settings%3DeyJpZCI6IjUxNyIsInRvZ2dsZSI6ZmFsc2V9\"><div class=\"swiper-slide-contents\"><\/div><\/a><\/div><div class=\"elementor-repeater-item-2200553 swiper-slide\"><div class=\"swiper-slide-bg elementor-ken-burns elementor-ken-burns--in\" role=\"img\"><\/div><a class=\"swiper-slide-inner\" href=\"#elementor-action%3Aaction%3Dpopup%3Aopen%26settings%3DeyJpZCI6IjUyNCIsInRvZ2dsZSI6ZmFsc2V9\"><div class=\"swiper-slide-contents\"><\/div><\/a><\/div><div class=\"elementor-repeater-item-aa5f5b0 swiper-slide\"><div class=\"swiper-slide-bg elementor-ken-burns elementor-ken-burns--in\" role=\"img\"><\/div><a class=\"swiper-slide-inner\" href=\"#elementor-action%3Aaction%3Dpopup%3Aopen%26settings%3DeyJpZCI6IjUzMSIsInRvZ2dsZSI6ZmFsc2V9\"><div class=\"swiper-slide-contents\"><\/div><\/a><\/div><div class=\"elementor-repeater-item-fc70423 swiper-slide\"><div class=\"swiper-slide-bg elementor-ken-burns elementor-ken-burns--in\" role=\"img\"><\/div><a class=\"swiper-slide-inner\" href=\"#elementor-action%3Aaction%3Dpopup%3Aopen%26settings%3DeyJpZCI6IjUzOSIsInRvZ2dsZSI6ZmFsc2V9\"><div class=\"swiper-slide-contents\"><\/div><\/a><\/div><div class=\"elementor-repeater-item-62b9b51 swiper-slide\"><div class=\"swiper-slide-bg elementor-ken-burns elementor-ken-burns--in\" role=\"img\"><\/div><a class=\"swiper-slide-inner\" href=\"#elementor-action%3Aaction%3Dpopup%3Aopen%26settings%3DeyJpZCI6IjU0NiIsInRvZ2dsZSI6ZmFsc2V9\"><div class=\"swiper-slide-contents\"><\/div><\/a><\/div><div class=\"elementor-repeater-item-5efcf35 swiper-slide\"><div class=\"swiper-slide-bg elementor-ken-burns elementor-ken-burns--in\" role=\"img\"><\/div><a class=\"swiper-slide-inner\" href=\"#elementor-action%3Aaction%3Dpopup%3Aopen%26settings%3DeyJpZCI6IjU1NSIsInRvZ2dsZSI6ZmFsc2V9\"><div class=\"swiper-slide-contents\"><\/div><\/a><\/div><div class=\"elementor-repeater-item-c387db4 swiper-slide\"><div class=\"swiper-slide-bg elementor-ken-burns elementor-ken-burns--in\" role=\"img\"><\/div><a class=\"swiper-slide-inner\" href=\"#elementor-action%3Aaction%3Dpopup%3Aopen%26settings%3DeyJpZCI6IjU2MSIsInRvZ2dsZSI6ZmFsc2V9\"><div class=\"swiper-slide-contents\"><\/div><\/a><\/div><div class=\"elementor-repeater-item-022c095 swiper-slide\"><div class=\"swiper-slide-bg elementor-ken-burns elementor-ken-burns--in\" role=\"img\"><\/div><a class=\"swiper-slide-inner\" href=\"#elementor-action%3Aaction%3Dpopup%3Aopen%26settings%3DeyJpZCI6IjQ5MiIsInRvZ2dsZSI6ZmFsc2V9\"><div class=\"swiper-slide-contents\"><\/div><\/a><\/div>\t\t\t\t<\/div>\n\t\t\t\t\t\t\t\t\t\t\t\t\t\t\t<div class=\"swiper-pagination\"><\/div>\n\t\t\t\t\t\t\t\t\t\t\t\t\t\t\t\t<div class=\"elementor-swiper-button elementor-swiper-button-prev\" role=\"button\" tabindex=\"0\">\n\t\t\t\t\t\t\t<i aria-hidden=\"true\" class=\"eicon-chevron-left\"><\/i>\t\t\t\t\t\t\t<span class=\"elementor-screen-only\">Vorheriger Slide<\/span>\n\t\t\t\t\t\t<\/div>\n\t\t\t\t\t\t<div class=\"elementor-swiper-button elementor-swiper-button-next\" role=\"button\" tabindex=\"0\">\n\t\t\t\t\t\t\t<i aria-hidden=\"true\" class=\"eicon-chevron-right\"><\/i>\t\t\t\t\t\t\t<span class=\"elementor-screen-only\">N\u00e4chster Slide<\/span>\n\t\t\t\t\t\t<\/div>\n\t\t\t\t\t\t\t\t\t\t\t\t<\/div>\n\t\t<\/div>\n\t\t\t\t\t\t<\/div>\n\t\t\t\t<\/div>\n\t\t\t\t\t<\/div>\n\t\t<\/div>\n\t\t\t\t\t<\/div>\n\t\t<\/section>\n\t\t\t\t<section data-particle_enable=\"false\" data-particle-mobile-disabled=\"false\" class=\"elementor-section elementor-top-section elementor-element elementor-element-53d674de elementor-section-content-middle elementor-reverse-tablet elementor-reverse-mobile elementor-section-height-min-height elementor-section-boxed elementor-section-height-default elementor-section-items-middle\" data-id=\"53d674de\" data-element_type=\"section\" data-e-type=\"section\" data-settings=\"{&quot;background_background&quot;:&quot;classic&quot;}\">\n\t\t\t\t\t\t<div class=\"elementor-container elementor-column-gap-extended\">\n\t\t\t\t\t<div class=\"elementor-column elementor-col-50 elementor-top-column elementor-element elementor-element-3543245d\" data-id=\"3543245d\" data-element_type=\"column\" data-e-type=\"column\">\n\t\t\t<div class=\"elementor-widget-wrap elementor-element-populated\">\n\t\t\t\t\t\t<div class=\"elementor-element elementor-element-f409b2d elementor-widget elementor-widget-image\" data-id=\"f409b2d\" data-element_type=\"widget\" data-e-type=\"widget\" data-widget_type=\"image.default\">\n\t\t\t\t<div class=\"elementor-widget-container\">\n\t\t\t\t\t\t\t\t\t\t\t\t\t\t\t<img fetchpriority=\"high\" decoding=\"async\" width=\"768\" height=\"1024\" src=\"https:\/\/www.biohof-heinrich.at\/wp-content\/uploads\/2022\/08\/5_Heinrich-768x1024.jpg\" class=\"attachment-large size-large wp-image-194\" alt=\"\" srcset=\"https:\/\/www.biohof-heinrich.at\/wp-content\/uploads\/2022\/08\/5_Heinrich-768x1024.jpg 768w, https:\/\/www.biohof-heinrich.at\/wp-content\/uploads\/2022\/08\/5_Heinrich-225x300.jpg 225w, https:\/\/www.biohof-heinrich.at\/wp-content\/uploads\/2022\/08\/5_Heinrich-1152x1536.jpg 1152w, https:\/\/www.biohof-heinrich.at\/wp-content\/uploads\/2022\/08\/5_Heinrich-1536x2048.jpg 1536w, https:\/\/www.biohof-heinrich.at\/wp-content\/uploads\/2022\/08\/elementor\/thumbs\/5_Heinrich-scaled-ptsame46mjnweap8o5ybpvht28b6b7boxv5xivjqrk.jpg 600w, https:\/\/www.biohof-heinrich.at\/wp-content\/uploads\/2022\/08\/5_Heinrich-scaled.jpg 1920w\" sizes=\"(max-width: 768px) 100vw, 768px\" \/>\t\t\t\t\t\t\t\t\t\t\t\t\t\t\t<\/div>\n\t\t\t\t<\/div>\n\t\t\t\t<div class=\"elementor-element elementor-element-52d9d4b2 elementor-widget elementor-widget-spacer\" data-id=\"52d9d4b2\" data-element_type=\"widget\" data-e-type=\"widget\" data-widget_type=\"spacer.default\">\n\t\t\t\t<div class=\"elementor-widget-container\">\n\t\t\t\t\t\t\t<div class=\"elementor-spacer\">\n\t\t\t<div class=\"elementor-spacer-inner\"><\/div>\n\t\t<\/div>\n\t\t\t\t\t\t<\/div>\n\t\t\t\t<\/div>\n\t\t\t\t\t<\/div>\n\t\t<\/div>\n\t\t\t\t<div class=\"elementor-column elementor-col-50 elementor-top-column elementor-element elementor-element-26ea6ca\" data-id=\"26ea6ca\" data-element_type=\"column\" data-e-type=\"column\">\n\t\t\t<div class=\"elementor-widget-wrap elementor-element-populated\">\n\t\t\t\t\t\t<div class=\"elementor-element elementor-element-55ef6f5 elementor-invisible elementor-widget elementor-widget-heading\" data-id=\"55ef6f5\" data-element_type=\"widget\" data-e-type=\"widget\" data-settings=\"{&quot;_animation&quot;:&quot;fadeInUp&quot;}\" data-widget_type=\"heading.default\">\n\t\t\t\t<div class=\"elementor-widget-container\">\n\t\t\t\t\t<h2 class=\"elementor-heading-title elementor-size-default\">Wir bieten unsere Futtermittel auch zum Verkauf an!<\/h2>\t\t\t\t<\/div>\n\t\t\t\t<\/div>\n\t\t\t\t<div class=\"elementor-element elementor-element-becf1af elementor-view-stacked elementor-position-inline-start animated-slow elementor-shape-circle elementor-mobile-position-block-start elementor-invisible elementor-widget elementor-widget-icon-box\" data-id=\"becf1af\" data-element_type=\"widget\" data-e-type=\"widget\" data-settings=\"{&quot;_animation&quot;:&quot;fadeInRight&quot;}\" data-widget_type=\"icon-box.default\">\n\t\t\t\t<div class=\"elementor-widget-container\">\n\t\t\t\t\t\t\t<div class=\"elementor-icon-box-wrapper\">\n\n\t\t\t\t\t\t<div class=\"elementor-icon-box-icon\">\n\t\t\t\t<span  class=\"elementor-icon\">\n\t\t\t\t<i aria-hidden=\"true\" class=\"fas fa-angle-double-right\"><\/i>\t\t\t\t<\/span>\n\t\t\t<\/div>\n\t\t\t\n\t\t\t\t\t\t<div class=\"elementor-icon-box-content\">\n\n\t\t\t\t\t\t\t\t\t<h3 class=\"elementor-icon-box-title\">\n\t\t\t\t\t\t<span  >\n\t\t\t\t\t\t\tHeu: \t\t\t\t\t\t<\/span>\n\t\t\t\t\t<\/h3>\n\t\t\t\t\n\t\t\t\t\t\t\t\t\t<p class=\"elementor-icon-box-description\">\n\t\t\t\t\t\tDas Pferdeheu ist in s\u00e4mtlichen Ballenformaten (Kleinballen, Rundballen, Quaderballen) erh\u00e4ltlich.\t\t\t\t\t<\/p>\n\t\t\t\t\n\t\t\t<\/div>\n\t\t\t\n\t\t<\/div>\n\t\t\t\t\t\t<\/div>\n\t\t\t\t<\/div>\n\t\t\t\t<div class=\"elementor-element elementor-element-fd93bda elementor-view-stacked elementor-position-inline-start animated-slow elementor-shape-circle elementor-mobile-position-block-start elementor-invisible elementor-widget elementor-widget-icon-box\" data-id=\"fd93bda\" data-element_type=\"widget\" data-e-type=\"widget\" data-settings=\"{&quot;_animation&quot;:&quot;fadeInRight&quot;,&quot;_animation_delay&quot;:200}\" data-widget_type=\"icon-box.default\">\n\t\t\t\t<div class=\"elementor-widget-container\">\n\t\t\t\t\t\t\t<div class=\"elementor-icon-box-wrapper\">\n\n\t\t\t\t\t\t<div class=\"elementor-icon-box-icon\">\n\t\t\t\t<span  class=\"elementor-icon\">\n\t\t\t\t<i aria-hidden=\"true\" class=\"fas fa-angle-double-right\"><\/i>\t\t\t\t<\/span>\n\t\t\t<\/div>\n\t\t\t\n\t\t\t\t\t\t<div class=\"elementor-icon-box-content\">\n\n\t\t\t\t\t\t\t\t\t<h3 class=\"elementor-icon-box-title\">\n\t\t\t\t\t\t<span  >\n\t\t\t\t\t\t\tHeulage: \t\t\t\t\t\t<\/span>\n\t\t\t\t\t<\/h3>\n\t\t\t\t\n\t\t\t\t\t\t\t\t\t<p class=\"elementor-icon-box-description\">\n\t\t\t\t\t\tSie eignet sich besonders gut zur F\u00fctterung von \u00e4lteren Pferden und zeichnet sich durch ihre absolute Staubfreiheit aus. Verf\u00fcgbar ist sie in Quader- und Rundballen.\t\t\t\t\t<\/p>\n\t\t\t\t\n\t\t\t<\/div>\n\t\t\t\n\t\t<\/div>\n\t\t\t\t\t\t<\/div>\n\t\t\t\t<\/div>\n\t\t\t\t<div class=\"elementor-element elementor-element-b14c59e elementor-view-stacked elementor-position-inline-start animated-slow elementor-shape-circle elementor-mobile-position-block-start elementor-invisible elementor-widget elementor-widget-icon-box\" data-id=\"b14c59e\" data-element_type=\"widget\" data-e-type=\"widget\" data-settings=\"{&quot;_animation&quot;:&quot;fadeInRight&quot;,&quot;_animation_delay&quot;:400}\" data-widget_type=\"icon-box.default\">\n\t\t\t\t<div class=\"elementor-widget-container\">\n\t\t\t\t\t\t\t<div class=\"elementor-icon-box-wrapper\">\n\n\t\t\t\t\t\t<div class=\"elementor-icon-box-icon\">\n\t\t\t\t<span  class=\"elementor-icon\">\n\t\t\t\t<i aria-hidden=\"true\" class=\"fas fa-angle-double-right\"><\/i>\t\t\t\t<\/span>\n\t\t\t<\/div>\n\t\t\t\n\t\t\t\t\t\t<div class=\"elementor-icon-box-content\">\n\n\t\t\t\t\t\t\t\t\t<h3 class=\"elementor-icon-box-title\">\n\t\t\t\t\t\t<span  >\n\t\t\t\t\t\t\tGetreide: \t\t\t\t\t\t<\/span>\n\t\t\t\t\t<\/h3>\n\t\t\t\t\n\t\t\t\t\t\t\t\t\t<p class=\"elementor-icon-box-description\">\n\t\t\t\t\t\tWir bieten unser Bio \u2013 Getreide (Hafer, Gerste, Weizen) sowohl ganz als auch fertig gequetscht im 15kg \u2013 Sack an, auch individuelle Mischungen sind m\u00f6glich. \t\t\t\t\t<\/p>\n\t\t\t\t\n\t\t\t<\/div>\n\t\t\t\n\t\t<\/div>\n\t\t\t\t\t\t<\/div>\n\t\t\t\t<\/div>\n\t\t\t\t\t<\/div>\n\t\t<\/div>\n\t\t\t\t\t<\/div>\n\t\t<\/section>\n\t\t\t\t<\/div>\n\t\t","protected":false},"excerpt":{"rendered":"<p>Voriger N\u00e4chster Wir bieten unsere Futtermittel auch zum Verkauf an! Heu: Das Pferdeheu ist in s\u00e4mtlichen Ballenformaten (Kleinballen, Rundballen, Quaderballen) erh\u00e4ltlich. Heulage: Sie eignet sich besonders gut zur F\u00fctterung von \u00e4lteren Pferden und zeichnet sich durch ihre absolute Staubfreiheit aus. Verf\u00fcgbar ist sie in Quader- und Rundballen. Getreide: Wir bieten unser Bio \u2013 Getreide (Hafer, [&hellip;]<\/p>\n","protected":false},"author":1,"featured_media":0,"parent":0,"menu_order":0,"comment_status":"closed","ping_status":"closed","template":"elementor_header_footer","meta":{"footnotes":""},"class_list":["post-12","page","type-page","status-publish","hentry"],"yoast_head":"<!-- This site is optimized with the Yoast SEO plugin v27.4 - https:\/\/yoast.com\/product\/yoast-seo-wordpress\/ -->\n<title>Futtermittel<\/title>\n<meta name=\"description\" content=\"Wie bieten Bio - Pferdeheu, Heulage, sowie diverse Getreidesorten ab Hof zum Verkauf an.\" \/>\n<meta name=\"robots\" content=\"index, follow, max-snippet:-1, max-image-preview:large, max-video-preview:-1\" \/>\n<link rel=\"canonical\" href=\"https:\/\/www.biohof-heinrich.at\/?page_id=12\" \/>\n<meta property=\"og:locale\" content=\"de_DE\" \/>\n<meta property=\"og:type\" content=\"article\" \/>\n<meta property=\"og:title\" content=\"Futtermittel\" \/>\n<meta property=\"og:description\" content=\"Wie bieten Bio - Pferdeheu, Heulage, sowie diverse Getreidesorten ab Hof zum Verkauf an.\" \/>\n<meta property=\"og:url\" content=\"https:\/\/www.biohof-heinrich.at\/?page_id=12\" \/>\n<meta property=\"og:site_name\" content=\"Biohof Heinrich\" \/>\n<meta property=\"article:modified_time\" content=\"2022-10-16T09:01:54+00:00\" \/>\n<meta property=\"og:image\" content=\"https:\/\/www.biohof-heinrich.at\/wp-content\/uploads\/2022\/08\/5_Heinrich-768x1024.jpg\" \/>\n<meta name=\"twitter:card\" content=\"summary_large_image\" \/>\n<meta name=\"twitter:label1\" content=\"Gesch\u00e4tzte Lesezeit\" \/>\n\t<meta name=\"twitter:data1\" content=\"1\u00a0Minute\" \/>\n<script type=\"application\/ld+json\" class=\"yoast-schema-graph\">{\"@context\":\"https:\\\/\\\/schema.org\",\"@graph\":[{\"@type\":\"WebPage\",\"@id\":\"https:\\\/\\\/www.biohof-heinrich.at\\\/?page_id=12\",\"url\":\"https:\\\/\\\/www.biohof-heinrich.at\\\/?page_id=12\",\"name\":\"Futtermittel\",\"isPartOf\":{\"@id\":\"https:\\\/\\\/www.biohof-heinrich.at\\\/#website\"},\"primaryImageOfPage\":{\"@id\":\"https:\\\/\\\/www.biohof-heinrich.at\\\/?page_id=12#primaryimage\"},\"image\":{\"@id\":\"https:\\\/\\\/www.biohof-heinrich.at\\\/?page_id=12#primaryimage\"},\"thumbnailUrl\":\"https:\\\/\\\/www.biohof-heinrich.at\\\/wp-content\\\/uploads\\\/2022\\\/08\\\/5_Heinrich-768x1024.jpg\",\"datePublished\":\"2022-08-24T13:38:30+00:00\",\"dateModified\":\"2022-10-16T09:01:54+00:00\",\"description\":\"Wie bieten Bio - Pferdeheu, Heulage, sowie diverse Getreidesorten ab Hof zum Verkauf an.\",\"breadcrumb\":{\"@id\":\"https:\\\/\\\/www.biohof-heinrich.at\\\/?page_id=12#breadcrumb\"},\"inLanguage\":\"de\",\"potentialAction\":[{\"@type\":\"ReadAction\",\"target\":[\"https:\\\/\\\/www.biohof-heinrich.at\\\/?page_id=12\"]}]},{\"@type\":\"ImageObject\",\"inLanguage\":\"de\",\"@id\":\"https:\\\/\\\/www.biohof-heinrich.at\\\/?page_id=12#primaryimage\",\"url\":\"https:\\\/\\\/www.biohof-heinrich.at\\\/wp-content\\\/uploads\\\/2022\\\/08\\\/5_Heinrich-scaled.jpg\",\"contentUrl\":\"https:\\\/\\\/www.biohof-heinrich.at\\\/wp-content\\\/uploads\\\/2022\\\/08\\\/5_Heinrich-scaled.jpg\",\"width\":1920,\"height\":2560},{\"@type\":\"BreadcrumbList\",\"@id\":\"https:\\\/\\\/www.biohof-heinrich.at\\\/?page_id=12#breadcrumb\",\"itemListElement\":[{\"@type\":\"ListItem\",\"position\":1,\"name\":\"Startseite\",\"item\":\"https:\\\/\\\/www.biohof-heinrich.at\\\/\"},{\"@type\":\"ListItem\",\"position\":2,\"name\":\"Futtermittel\"}]},{\"@type\":\"WebSite\",\"@id\":\"https:\\\/\\\/www.biohof-heinrich.at\\\/#website\",\"url\":\"https:\\\/\\\/www.biohof-heinrich.at\\\/\",\"name\":\"Biohof Heinrich\",\"description\":\"Pferdeeinstellbetrieb\",\"potentialAction\":[{\"@type\":\"SearchAction\",\"target\":{\"@type\":\"EntryPoint\",\"urlTemplate\":\"https:\\\/\\\/www.biohof-heinrich.at\\\/?s={search_term_string}\"},\"query-input\":{\"@type\":\"PropertyValueSpecification\",\"valueRequired\":true,\"valueName\":\"search_term_string\"}}],\"inLanguage\":\"de\"}]}<\/script>\n<!-- \/ Yoast SEO plugin. -->","yoast_head_json":{"title":"Futtermittel","description":"Wie bieten Bio - Pferdeheu, Heulage, sowie diverse Getreidesorten ab Hof zum Verkauf an.","robots":{"index":"index","follow":"follow","max-snippet":"max-snippet:-1","max-image-preview":"max-image-preview:large","max-video-preview":"max-video-preview:-1"},"canonical":"https:\/\/www.biohof-heinrich.at\/?page_id=12","og_locale":"de_DE","og_type":"article","og_title":"Futtermittel","og_description":"Wie bieten Bio - Pferdeheu, Heulage, sowie diverse Getreidesorten ab Hof zum Verkauf an.","og_url":"https:\/\/www.biohof-heinrich.at\/?page_id=12","og_site_name":"Biohof Heinrich","article_modified_time":"2022-10-16T09:01:54+00:00","og_image":[{"url":"https:\/\/www.biohof-heinrich.at\/wp-content\/uploads\/2022\/08\/5_Heinrich-768x1024.jpg","type":"","width":"","height":""}],"twitter_card":"summary_large_image","twitter_misc":{"Gesch\u00e4tzte Lesezeit":"1\u00a0Minute"},"schema":{"@context":"https:\/\/schema.org","@graph":[{"@type":"WebPage","@id":"https:\/\/www.biohof-heinrich.at\/?page_id=12","url":"https:\/\/www.biohof-heinrich.at\/?page_id=12","name":"Futtermittel","isPartOf":{"@id":"https:\/\/www.biohof-heinrich.at\/#website"},"primaryImageOfPage":{"@id":"https:\/\/www.biohof-heinrich.at\/?page_id=12#primaryimage"},"image":{"@id":"https:\/\/www.biohof-heinrich.at\/?page_id=12#primaryimage"},"thumbnailUrl":"https:\/\/www.biohof-heinrich.at\/wp-content\/uploads\/2022\/08\/5_Heinrich-768x1024.jpg","datePublished":"2022-08-24T13:38:30+00:00","dateModified":"2022-10-16T09:01:54+00:00","description":"Wie bieten Bio - Pferdeheu, Heulage, sowie diverse Getreidesorten ab Hof zum Verkauf an.","breadcrumb":{"@id":"https:\/\/www.biohof-heinrich.at\/?page_id=12#breadcrumb"},"inLanguage":"de","potentialAction":[{"@type":"ReadAction","target":["https:\/\/www.biohof-heinrich.at\/?page_id=12"]}]},{"@type":"ImageObject","inLanguage":"de","@id":"https:\/\/www.biohof-heinrich.at\/?page_id=12#primaryimage","url":"https:\/\/www.biohof-heinrich.at\/wp-content\/uploads\/2022\/08\/5_Heinrich-scaled.jpg","contentUrl":"https:\/\/www.biohof-heinrich.at\/wp-content\/uploads\/2022\/08\/5_Heinrich-scaled.jpg","width":1920,"height":2560},{"@type":"BreadcrumbList","@id":"https:\/\/www.biohof-heinrich.at\/?page_id=12#breadcrumb","itemListElement":[{"@type":"ListItem","position":1,"name":"Startseite","item":"https:\/\/www.biohof-heinrich.at\/"},{"@type":"ListItem","position":2,"name":"Futtermittel"}]},{"@type":"WebSite","@id":"https:\/\/www.biohof-heinrich.at\/#website","url":"https:\/\/www.biohof-heinrich.at\/","name":"Biohof Heinrich","description":"Pferdeeinstellbetrieb","potentialAction":[{"@type":"SearchAction","target":{"@type":"EntryPoint","urlTemplate":"https:\/\/www.biohof-heinrich.at\/?s={search_term_string}"},"query-input":{"@type":"PropertyValueSpecification","valueRequired":true,"valueName":"search_term_string"}}],"inLanguage":"de"}]}},"_links":{"self":[{"href":"https:\/\/www.biohof-heinrich.at\/index.php?rest_route=\/wp\/v2\/pages\/12","targetHints":{"allow":["GET"]}}],"collection":[{"href":"https:\/\/www.biohof-heinrich.at\/index.php?rest_route=\/wp\/v2\/pages"}],"about":[{"href":"https:\/\/www.biohof-heinrich.at\/index.php?rest_route=\/wp\/v2\/types\/page"}],"author":[{"embeddable":true,"href":"https:\/\/www.biohof-heinrich.at\/index.php?rest_route=\/wp\/v2\/users\/1"}],"replies":[{"embeddable":true,"href":"https:\/\/www.biohof-heinrich.at\/index.php?rest_route=%2Fwp%2Fv2%2Fcomments&post=12"}],"version-history":[{"count":132,"href":"https:\/\/www.biohof-heinrich.at\/index.php?rest_route=\/wp\/v2\/pages\/12\/revisions"}],"predecessor-version":[{"id":655,"href":"https:\/\/www.biohof-heinrich.at\/index.php?rest_route=\/wp\/v2\/pages\/12\/revisions\/655"}],"wp:attachment":[{"href":"https:\/\/www.biohof-heinrich.at\/index.php?rest_route=%2Fwp%2Fv2%2Fmedia&parent=12"}],"curies":[{"name":"wp","href":"https:\/\/api.w.org\/{rel}","templated":true}]}}