{"id":16,"date":"2022-08-24T13:45:13","date_gmt":"2022-08-24T13:45:13","guid":{"rendered":"https:\/\/biohof-heinrich.at.85-25-43-18.atlantic717.startdedicated.de\/?page_id=16"},"modified":"2022-11-03T07:50:11","modified_gmt":"2022-11-03T07:50:11","slug":"impressum","status":"publish","type":"page","link":"https:\/\/www.biohof-heinrich.at\/?page_id=16","title":{"rendered":"Impressum"},"content":{"rendered":"\t\t<div data-elementor-type=\"wp-page\" data-elementor-id=\"16\" class=\"elementor elementor-16\" data-elementor-post-type=\"page\">\n\t\t\t\t\t\t<section data-particle_enable=\"false\" data-particle-mobile-disabled=\"false\" class=\"elementor-section elementor-top-section elementor-element elementor-element-86b4a05 elementor-section-boxed elementor-section-height-default elementor-section-height-default\" data-id=\"86b4a05\" data-element_type=\"section\" data-e-type=\"section\">\n\t\t\t\t\t\t<div class=\"elementor-container elementor-column-gap-default\">\n\t\t\t\t\t<div class=\"elementor-column elementor-col-100 elementor-top-column elementor-element elementor-element-fae3c0b\" data-id=\"fae3c0b\" data-element_type=\"column\" data-e-type=\"column\">\n\t\t\t<div class=\"elementor-widget-wrap elementor-element-populated\">\n\t\t\t\t\t\t<div class=\"elementor-element elementor-element-d13e88e elementor-widget elementor-widget-heading\" data-id=\"d13e88e\" data-element_type=\"widget\" data-e-type=\"widget\" data-widget_type=\"heading.default\">\n\t\t\t\t<div class=\"elementor-widget-container\">\n\t\t\t\t\t<h2 class=\"elementor-heading-title elementor-size-default\">Impressum <\/h2>\t\t\t\t<\/div>\n\t\t\t\t<\/div>\n\t\t\t\t<div class=\"elementor-element elementor-element-bb0db4b elementor-widget elementor-widget-text-editor\" data-id=\"bb0db4b\" data-element_type=\"widget\" data-e-type=\"widget\" data-widget_type=\"text-editor.default\">\n\t\t\t\t<div class=\"elementor-widget-container\">\n\t\t\t\t\t\t\t\t\t<p><strong>Informationen und Offenlegung gem\u00e4\u00df \u00a75 (1) ECG, \u00a7 25 MedienG, \u00a7 63 GewO und \u00a7 14 UGB<\/strong><\/p><p><strong>Webseitenbetreiber:<\/strong>\u00a0Franz Heinrich<\/p><p><strong>Anschrift:<\/strong>\u00a0Wilhelmsh\u00f6he 54, 3021 Tullnerbach<\/p><p><strong>UID-Nr:<\/strong><br \/><strong>Gewerbeaufsichtbeh\u00f6rde:<\/strong>\u00a0Bezirkshauptmannschaft St. P\u00f6lten<br \/><strong>Mitgliedschaften:<\/strong>Landwirtschaftskammer<\/p><p><strong>Kontaktdaten:<\/strong><br \/>Telefon: 06644326696<br \/>Email: heinrich.bio@live.at<br \/>Fax:<\/p><p><strong>Anwendbare Rechtsvorschrift:<\/strong>\u00a0www.ris.bka.gv.at<br \/><strong>Berufsbezeichnung:<\/strong>\u00a0Landwirtschaft<\/p><p><strong>Online Streitbeilegung:<\/strong>\u00a0Verbraucher, welche in \u00d6sterreich oder in einem sonstigen Vertragsstaat der ODR-VO niedergelassen sind, haben die M\u00f6glichkeit Probleme bez\u00fcglich dem entgeltlichen Kauf von Waren oder Dienstleistungen im Rahmen einer Online-Streitbeilegung (nach OS, AStG) zu l\u00f6sen. Die Europa\u0308ische Kommission stellt eine Plattform hierf\u00fcr bereit: https:\/\/ec.europa.eu\/consumers\/odr<\/p><p><strong>Urheberrecht:<\/strong>\u00a0Die Inhalte dieser Webseite unterliegen, soweit dies rechtlich m\u00f6glich ist, diversen Schutzrechten (z.B dem Urheberrecht). Jegliche Verwendung\/Verbreitung von bereitgestelltem Material, welche urheberrechtlich untersagt ist, bedarf schriftlicher Zustimmung des Webseitenbetreibers.<\/p><p><strong>Haftungsausschluss:<\/strong>\u00a0Trotz sorgf\u00e4ltiger inhaltlicher Kontrolle \u00fcbernimmt der Webseitenbetreiber dieser Webseite keine Haftung f\u00fcr die Inhalte externer Links. F\u00fcr den Inhalt der verlinkten Seiten sind ausschlie\u00dflich deren Betreiber verantwortlich. Sollten Sie dennoch auf ausgehende Links aufmerksam werden, welche auf eine Webseite mit rechtswidriger T\u00e4tigkeit\/Information verweisen, ersuchen wir um dementsprechenden Hinweis, um diese nach \u00a7 17 Abs. 2 ECG umgehend zu entfernen.<br \/>Die Urheberrechte Dritter werden vom Betreiber dieser Webseite mit gr\u00f6\u00dfter Sorgfalt beachtet. Sollten Sie trotzdem auf eine Urheberrechtsverletzung aufmerksam werden, bitten wir um einen entsprechenden Hinweis. Bei Bekanntwerden derartiger Rechtsverletzungen werden wir den betroffenen Inhalt umgehend entfernen.<\/p><p>Quelle:\u00a0<b><a href=\"https:\/\/fairesrecht.at\/\">fairesRecht.at<\/a><\/b>\u00a0in Kooperation mit\u00a0<b><a href=\"https:\/\/fairemiete.at\/\">Mietzins herabsetzen mit faireMiete.at<\/a><\/b><\/p>\t\t\t\t\t\t\t\t<\/div>\n\t\t\t\t<\/div>\n\t\t\t\t\t<\/div>\n\t\t<\/div>\n\t\t\t\t\t<\/div>\n\t\t<\/section>\n\t\t\t\t<\/div>\n\t\t","protected":false},"excerpt":{"rendered":"<p>Impressum Informationen und Offenlegung gem\u00e4\u00df \u00a75 (1) ECG, \u00a7 25 MedienG, \u00a7 63 GewO und \u00a7 14 UGB Webseitenbetreiber:\u00a0Franz Heinrich Anschrift:\u00a0Wilhelmsh\u00f6he 54, 3021 Tullnerbach UID-Nr:Gewerbeaufsichtbeh\u00f6rde:\u00a0Bezirkshauptmannschaft St. P\u00f6ltenMitgliedschaften:Landwirtschaftskammer Kontaktdaten:Telefon: 06644326696Email: heinrich.bio@live.atFax: Anwendbare Rechtsvorschrift:\u00a0www.ris.bka.gv.atBerufsbezeichnung:\u00a0Landwirtschaft Online Streitbeilegung:\u00a0Verbraucher, welche in \u00d6sterreich oder in einem sonstigen Vertragsstaat der ODR-VO niedergelassen sind, haben die M\u00f6glichkeit Probleme bez\u00fcglich dem entgeltlichen Kauf von [&hellip;]<\/p>\n","protected":false},"author":1,"featured_media":0,"parent":0,"menu_order":0,"comment_status":"closed","ping_status":"closed","template":"elementor_header_footer","meta":{"footnotes":""},"class_list":["post-16","page","type-page","status-publish","hentry"],"yoast_head":"<!-- This site is optimized with the Yoast SEO plugin v27.4 - https:\/\/yoast.com\/product\/yoast-seo-wordpress\/ -->\n<title>Impressum<\/title>\n<meta name=\"robots\" content=\"index, follow, max-snippet:-1, max-image-preview:large, max-video-preview:-1\" \/>\n<link rel=\"canonical\" href=\"https:\/\/www.biohof-heinrich.at\/?page_id=16\" \/>\n<meta property=\"og:locale\" content=\"de_DE\" \/>\n<meta property=\"og:type\" content=\"article\" \/>\n<meta property=\"og:title\" content=\"Impressum\" \/>\n<meta property=\"og:description\" content=\"Impressum Informationen und Offenlegung gem\u00e4\u00df \u00a75 (1) ECG, \u00a7 25 MedienG, \u00a7 63 GewO und \u00a7 14 UGB Webseitenbetreiber:\u00a0Franz Heinrich Anschrift:\u00a0Wilhelmsh\u00f6he 54, 3021 Tullnerbach UID-Nr:Gewerbeaufsichtbeh\u00f6rde:\u00a0Bezirkshauptmannschaft St. P\u00f6ltenMitgliedschaften:Landwirtschaftskammer Kontaktdaten:Telefon: 06644326696Email: heinrich.bio@live.atFax: Anwendbare Rechtsvorschrift:\u00a0www.ris.bka.gv.atBerufsbezeichnung:\u00a0Landwirtschaft Online Streitbeilegung:\u00a0Verbraucher, welche in \u00d6sterreich oder in einem sonstigen Vertragsstaat der ODR-VO niedergelassen sind, haben die M\u00f6glichkeit Probleme bez\u00fcglich dem entgeltlichen Kauf von [&hellip;]\" \/>\n<meta property=\"og:url\" content=\"https:\/\/www.biohof-heinrich.at\/?page_id=16\" \/>\n<meta property=\"og:site_name\" content=\"Biohof Heinrich\" \/>\n<meta property=\"article:modified_time\" content=\"2022-11-03T07:50:11+00:00\" \/>\n<meta name=\"twitter:card\" content=\"summary_large_image\" \/>\n<meta name=\"twitter:label1\" content=\"Gesch\u00e4tzte Lesezeit\" \/>\n\t<meta name=\"twitter:data1\" content=\"2\u00a0Minuten\" \/>\n<script type=\"application\/ld+json\" class=\"yoast-schema-graph\">{\"@context\":\"https:\\\/\\\/schema.org\",\"@graph\":[{\"@type\":\"WebPage\",\"@id\":\"https:\\\/\\\/www.biohof-heinrich.at\\\/?page_id=16\",\"url\":\"https:\\\/\\\/www.biohof-heinrich.at\\\/?page_id=16\",\"name\":\"Impressum\",\"isPartOf\":{\"@id\":\"https:\\\/\\\/www.biohof-heinrich.at\\\/#website\"},\"datePublished\":\"2022-08-24T13:45:13+00:00\",\"dateModified\":\"2022-11-03T07:50:11+00:00\",\"breadcrumb\":{\"@id\":\"https:\\\/\\\/www.biohof-heinrich.at\\\/?page_id=16#breadcrumb\"},\"inLanguage\":\"de\",\"potentialAction\":[{\"@type\":\"ReadAction\",\"target\":[\"https:\\\/\\\/www.biohof-heinrich.at\\\/?page_id=16\"]}]},{\"@type\":\"BreadcrumbList\",\"@id\":\"https:\\\/\\\/www.biohof-heinrich.at\\\/?page_id=16#breadcrumb\",\"itemListElement\":[{\"@type\":\"ListItem\",\"position\":1,\"name\":\"Startseite\",\"item\":\"https:\\\/\\\/www.biohof-heinrich.at\\\/\"},{\"@type\":\"ListItem\",\"position\":2,\"name\":\"Impressum\"}]},{\"@type\":\"WebSite\",\"@id\":\"https:\\\/\\\/www.biohof-heinrich.at\\\/#website\",\"url\":\"https:\\\/\\\/www.biohof-heinrich.at\\\/\",\"name\":\"Biohof Heinrich\",\"description\":\"Pferdeeinstellbetrieb\",\"potentialAction\":[{\"@type\":\"SearchAction\",\"target\":{\"@type\":\"EntryPoint\",\"urlTemplate\":\"https:\\\/\\\/www.biohof-heinrich.at\\\/?s={search_term_string}\"},\"query-input\":{\"@type\":\"PropertyValueSpecification\",\"valueRequired\":true,\"valueName\":\"search_term_string\"}}],\"inLanguage\":\"de\"}]}<\/script>\n<!-- \/ Yoast SEO plugin. -->","yoast_head_json":{"title":"Impressum","robots":{"index":"index","follow":"follow","max-snippet":"max-snippet:-1","max-image-preview":"max-image-preview:large","max-video-preview":"max-video-preview:-1"},"canonical":"https:\/\/www.biohof-heinrich.at\/?page_id=16","og_locale":"de_DE","og_type":"article","og_title":"Impressum","og_description":"Impressum Informationen und Offenlegung gem\u00e4\u00df \u00a75 (1) ECG, \u00a7 25 MedienG, \u00a7 63 GewO und \u00a7 14 UGB Webseitenbetreiber:\u00a0Franz Heinrich Anschrift:\u00a0Wilhelmsh\u00f6he 54, 3021 Tullnerbach UID-Nr:Gewerbeaufsichtbeh\u00f6rde:\u00a0Bezirkshauptmannschaft St. P\u00f6ltenMitgliedschaften:Landwirtschaftskammer Kontaktdaten:Telefon: 06644326696Email: heinrich.bio@live.atFax: Anwendbare Rechtsvorschrift:\u00a0www.ris.bka.gv.atBerufsbezeichnung:\u00a0Landwirtschaft Online Streitbeilegung:\u00a0Verbraucher, welche in \u00d6sterreich oder in einem sonstigen Vertragsstaat der ODR-VO niedergelassen sind, haben die M\u00f6glichkeit Probleme bez\u00fcglich dem entgeltlichen Kauf von [&hellip;]","og_url":"https:\/\/www.biohof-heinrich.at\/?page_id=16","og_site_name":"Biohof Heinrich","article_modified_time":"2022-11-03T07:50:11+00:00","twitter_card":"summary_large_image","twitter_misc":{"Gesch\u00e4tzte Lesezeit":"2\u00a0Minuten"},"schema":{"@context":"https:\/\/schema.org","@graph":[{"@type":"WebPage","@id":"https:\/\/www.biohof-heinrich.at\/?page_id=16","url":"https:\/\/www.biohof-heinrich.at\/?page_id=16","name":"Impressum","isPartOf":{"@id":"https:\/\/www.biohof-heinrich.at\/#website"},"datePublished":"2022-08-24T13:45:13+00:00","dateModified":"2022-11-03T07:50:11+00:00","breadcrumb":{"@id":"https:\/\/www.biohof-heinrich.at\/?page_id=16#breadcrumb"},"inLanguage":"de","potentialAction":[{"@type":"ReadAction","target":["https:\/\/www.biohof-heinrich.at\/?page_id=16"]}]},{"@type":"BreadcrumbList","@id":"https:\/\/www.biohof-heinrich.at\/?page_id=16#breadcrumb","itemListElement":[{"@type":"ListItem","position":1,"name":"Startseite","item":"https:\/\/www.biohof-heinrich.at\/"},{"@type":"ListItem","position":2,"name":"Impressum"}]},{"@type":"WebSite","@id":"https:\/\/www.biohof-heinrich.at\/#website","url":"https:\/\/www.biohof-heinrich.at\/","name":"Biohof Heinrich","description":"Pferdeeinstellbetrieb","potentialAction":[{"@type":"SearchAction","target":{"@type":"EntryPoint","urlTemplate":"https:\/\/www.biohof-heinrich.at\/?s={search_term_string}"},"query-input":{"@type":"PropertyValueSpecification","valueRequired":true,"valueName":"search_term_string"}}],"inLanguage":"de"}]}},"_links":{"self":[{"href":"https:\/\/www.biohof-heinrich.at\/index.php?rest_route=\/wp\/v2\/pages\/16","targetHints":{"allow":["GET"]}}],"collection":[{"href":"https:\/\/www.biohof-heinrich.at\/index.php?rest_route=\/wp\/v2\/pages"}],"about":[{"href":"https:\/\/www.biohof-heinrich.at\/index.php?rest_route=\/wp\/v2\/types\/page"}],"author":[{"embeddable":true,"href":"https:\/\/www.biohof-heinrich.at\/index.php?rest_route=\/wp\/v2\/users\/1"}],"replies":[{"embeddable":true,"href":"https:\/\/www.biohof-heinrich.at\/index.php?rest_route=%2Fwp%2Fv2%2Fcomments&post=16"}],"version-history":[{"count":23,"href":"https:\/\/www.biohof-heinrich.at\/index.php?rest_route=\/wp\/v2\/pages\/16\/revisions"}],"predecessor-version":[{"id":660,"href":"https:\/\/www.biohof-heinrich.at\/index.php?rest_route=\/wp\/v2\/pages\/16\/revisions\/660"}],"wp:attachment":[{"href":"https:\/\/www.biohof-heinrich.at\/index.php?rest_route=%2Fwp%2Fv2%2Fmedia&parent=16"}],"curies":[{"name":"wp","href":"https:\/\/api.w.org\/{rel}","templated":true}]}}