{"id":18,"date":"2022-08-24T13:45:35","date_gmt":"2022-08-24T13:45:35","guid":{"rendered":"https:\/\/biohof-heinrich.at.85-25-43-18.atlantic717.startdedicated.de\/?page_id=18"},"modified":"2022-08-30T08:06:41","modified_gmt":"2022-08-30T08:06:41","slug":"datenschutz","status":"publish","type":"page","link":"https:\/\/www.biohof-heinrich.at\/?page_id=18","title":{"rendered":"Datenschutz"},"content":{"rendered":"\t\t<div data-elementor-type=\"wp-page\" data-elementor-id=\"18\" class=\"elementor elementor-18\" data-elementor-post-type=\"page\">\n\t\t\t\t\t\t<section data-particle_enable=\"false\" data-particle-mobile-disabled=\"false\" class=\"elementor-section elementor-top-section elementor-element elementor-element-c588a75 elementor-section-boxed elementor-section-height-default elementor-section-height-default\" data-id=\"c588a75\" data-element_type=\"section\" data-e-type=\"section\">\n\t\t\t\t\t\t<div class=\"elementor-container elementor-column-gap-default\">\n\t\t\t\t\t<div class=\"elementor-column elementor-col-100 elementor-top-column elementor-element elementor-element-f1df3f0\" data-id=\"f1df3f0\" data-element_type=\"column\" data-e-type=\"column\">\n\t\t\t<div class=\"elementor-widget-wrap elementor-element-populated\">\n\t\t\t\t\t\t<div class=\"elementor-element elementor-element-b80fae7 elementor-widget elementor-widget-heading\" data-id=\"b80fae7\" data-element_type=\"widget\" data-e-type=\"widget\" data-widget_type=\"heading.default\">\n\t\t\t\t<div class=\"elementor-widget-container\">\n\t\t\t\t\t<h2 class=\"elementor-heading-title elementor-size-default\">Datenschutz<\/h2>\t\t\t\t<\/div>\n\t\t\t\t<\/div>\n\t\t\t\t<div class=\"elementor-element elementor-element-1749b5a elementor-widget elementor-widget-text-editor\" data-id=\"1749b5a\" data-element_type=\"widget\" data-e-type=\"widget\" data-widget_type=\"text-editor.default\">\n\t\t\t\t<div class=\"elementor-widget-container\">\n\t\t\t\t\t\t\t\t\t<p><strong>Datenschutzerkl\u00e4rung<\/strong> <br \/><br \/>In folgender Datenschutzerkl\u00e4rung informieren wir Sie \u00fcber die wichtigsten Aspekte der Datenverarbeitung im Rahmen unserer Webseite. Wir erheben und verarbeiten personenbezogene Daten nur auf Grundlage der gesetzlichen Bestimmungen (Datenschutzgrundverordnung, Telekommunikationsgesetz 2003). <br \/><br \/>Sobald Sie als Benutzer auf unsere Webseite zugreifen oder diese besuchen wird Ihre IP-Adresse, Beginn sowie Beginn und Ende der Sitzung erfasst. Dies ist technisch bedingt und stellt somit ein berechtigtes Interesse iSv Art 6 Abs 1 lit f DSGVO. <br \/><br \/><strong>Kontakt mit uns<\/strong> <br \/><br \/>Wenn Sie uns, entweder \u00fcber unser Kontaktformular auf unserer Webseite, oder per Email kontaktieren, dann werden die von Ihnen an uns \u00fcbermittelten Daten zwecks Bearbeitung Ihrer Anfrage oder f\u00fcr den Fall von weiteren Anschlussfragen f\u00fcr sechs Monate bei uns gespeichert. Es erfolgt, ohne Ihre Einwilligung, keine Weitergabe Ihrer \u00fcbermittelten Daten. <br \/><br \/><strong>Cookies<\/strong> <br \/><br \/>Unsere Website verwendet so genannte Cookies. Dabei handelt es sich um kleine Textdateien, die mit Hilfe des Browsers auf Ihrem Endger\u00e4t abgelegt werden. Sie richten keinen Schaden an. Wir nutzen Cookies dazu, unser Angebot nutzerfreundlich zu gestalten. Einige Cookies bleiben auf Ihrem Endger\u00e4t gespeichert, bis Sie diese l\u00f6schen. Sie erm\u00f6glichen es uns, Ihren Browser beim n\u00e4chsten Besuch wiederzuerkennen. Wenn Sie dies nicht w\u00fcnschen, so k\u00f6nnen Sie Ihren Browser so einrichten, dass er Sie \u00fcber das Setzen von Cookies informiert und Sie dies nur im Einzelfall erlauben. Bei der Deaktivierung von Cookies kann die Funktionalit\u00e4t unserer Website eingeschr\u00e4nkt sein. <br \/><br \/><strong>Google Fonts<\/strong> <br \/><br \/>Unsere Website verwendet Schriftarten von \u201eGoogle Fonts\u201c. Der Dienstanbieter dieser Funktion ist: <br \/><br \/>\u2022 Google Ireland Limited Gordon House, Barrow Street Dublin 4. Ireland <br \/><br \/>Tel: +353 1 543 1000 <br \/><br \/>Beim Aufrufen dieser Webseite l\u00e4dt Ihr Browser Schriftarten und speichert diese in den Cache. Da Sie, als Besucher der Webseite, Daten des Dienstanbieters empfangen kann Google unter Umst\u00e4nden Cookies auf Ihrem Rechner setzen oder analysieren. <br \/><br \/>Die Nutzung von \u201eGoogle-Fonts\u201c dient der Optimierung unserer Dienstleistung und der einheitlichen Darstellung von Inhalten. Dies stellt ein berechtigtes Interesse im Sinne von Art. 6 Abs. 1 lit. f DSGVO dar. <br \/><br \/>Weitere Informationen zu Google Fonts erhalten Sie unter folgendem Link: <br \/><br \/>\u2022 https:\/\/developers.google.com\/fonts\/faq <br \/><br \/>Weitere Informationen \u00fcber den Umgang mit Nutzerdaten von Google k\u00f6nnen Sie der Datenschutzerkl\u00e4rung entnehmen: <br \/><br \/>\u2022 https:\/\/policies.google.com\/privacy?hl=de\u00a0. <br \/><br \/>Google verarbeitet die Daten auch in den USA, hat sich jedoch dem<br \/>EU-US Privacy-Shield unterworfen. <br \/><br \/>https:\/\/www.privacyshield.gov\/EU-US-Framework <br \/><br \/><strong>Server-Log Files<\/strong> <br \/><br \/>Diese Webseite und der damit verbundene Provider erhebt im Zuge der Webseitennutzung automatisch Informationen im Rahmen sogenannter \u201eServer-Log Files\u201c. Dies betrifft insbesondere: <br \/><br \/>\u2022 IP-Adresse oder Hostname <br \/><br \/>\u2022 den verwendeten Browser <br \/><br \/>\u2022 Aufenthaltsdauer auf der Webseite sowie Datum und Uhrzeit <br \/><br \/>\u2022 aufgerufene Seiten der Webseite <br \/><br \/>\u2022 Spracheinstellungen und Betriebssystem <br \/><br \/>\u2022 \u201eLeaving-Page\u201c (auf welcher URL hat der Benutzer die Webseite verlassen) <br \/><br \/>\u2022 ISP (Internet Service Provider) <br \/><br \/>Diese erhobenen Informationen werden nicht personenbezogen verarbeitet oder mit personenbezogenen Daten in Verbindung gebracht. <br \/><br \/>Der Webseitenbetreiber beh\u00e4lt es sich vor, im Falle von Bekanntwerden rechtswidriger T\u00e4tigkeiten, diese Daten auszuwerten oder zu \u00fcberpr\u00fcfen. <br \/><br \/><strong>Ihre Rechte als Betroffener<\/strong> <br \/><br \/>Sie als Betroffener haben bez\u00fcglich Ihrer Daten, welche bei uns gespeichert sind grunds\u00e4tzlich ein Recht auf: <br \/><br \/>\u2022 Auskunft <br \/><br \/>\u2022 L\u00f6schung der Daten <br \/><br \/>\u2022 Berichtigung der Daten <br \/><br \/>\u2022 \u00dcbertragbarkeit der Daten <br \/><br \/>\u2022 Wiederruf und Widerspruch zur Datenverarbeitung <br \/><br \/>\u2022 Einschr\u00e4nkung <br \/><br \/>Wenn sie vermuten, dass im Zuge der Verarbeitung Ihrer Daten Verst\u00f6\u00dfe gegen das Datenschutzrecht passiert sind, so haben Sie die M\u00f6glichkeit sich bei uns (heinrich.bio@live.at) oder der Datenschutzbeh\u00f6rde zu beschweren. <br \/><br \/><strong>Sie erreichen uns unter folgenden Kontaktdaten:<\/strong> <br \/><br \/><strong>Webseitenbetreiber:<\/strong>\u00a0Franz Heinrich<br \/><strong>Telefonnummer:<\/strong>\u00a006802304123<br \/><strong>Email:<\/strong>\u00a0heinrich.bio@live.at <br \/><br \/><br \/><\/p>\t\t\t\t\t\t\t\t<\/div>\n\t\t\t\t<\/div>\n\t\t\t\t\t<\/div>\n\t\t<\/div>\n\t\t\t\t\t<\/div>\n\t\t<\/section>\n\t\t\t\t<\/div>\n\t\t","protected":false},"excerpt":{"rendered":"<p>Datenschutz Datenschutzerkl\u00e4rung In folgender Datenschutzerkl\u00e4rung informieren wir Sie \u00fcber die wichtigsten Aspekte der Datenverarbeitung im Rahmen unserer Webseite. Wir erheben und verarbeiten personenbezogene Daten nur auf Grundlage der gesetzlichen Bestimmungen (Datenschutzgrundverordnung, Telekommunikationsgesetz 2003). Sobald Sie als Benutzer auf unsere Webseite zugreifen oder diese besuchen wird Ihre IP-Adresse, Beginn sowie Beginn und Ende der Sitzung erfasst. [&hellip;]<\/p>\n","protected":false},"author":1,"featured_media":0,"parent":0,"menu_order":0,"comment_status":"closed","ping_status":"closed","template":"elementor_header_footer","meta":{"footnotes":""},"class_list":["post-18","page","type-page","status-publish","hentry"],"yoast_head":"<!-- This site is optimized with the Yoast SEO plugin v27.4 - https:\/\/yoast.com\/product\/yoast-seo-wordpress\/ -->\n<title>Datenschutz - Biohof Heinrich<\/title>\n<meta name=\"robots\" content=\"index, follow, max-snippet:-1, max-image-preview:large, max-video-preview:-1\" \/>\n<link rel=\"canonical\" href=\"https:\/\/www.biohof-heinrich.at\/?page_id=18\" \/>\n<meta property=\"og:locale\" content=\"de_DE\" \/>\n<meta property=\"og:type\" content=\"article\" \/>\n<meta property=\"og:title\" content=\"Datenschutz - Biohof Heinrich\" \/>\n<meta property=\"og:description\" content=\"Datenschutz Datenschutzerkl\u00e4rung In folgender Datenschutzerkl\u00e4rung informieren wir Sie \u00fcber die wichtigsten Aspekte der Datenverarbeitung im Rahmen unserer Webseite. Wir erheben und verarbeiten personenbezogene Daten nur auf Grundlage der gesetzlichen Bestimmungen (Datenschutzgrundverordnung, Telekommunikationsgesetz 2003). Sobald Sie als Benutzer auf unsere Webseite zugreifen oder diese besuchen wird Ihre IP-Adresse, Beginn sowie Beginn und Ende der Sitzung erfasst. [&hellip;]\" \/>\n<meta property=\"og:url\" content=\"https:\/\/www.biohof-heinrich.at\/?page_id=18\" \/>\n<meta property=\"og:site_name\" content=\"Biohof Heinrich\" \/>\n<meta property=\"article:modified_time\" content=\"2022-08-30T08:06:41+00:00\" \/>\n<meta name=\"twitter:card\" content=\"summary_large_image\" \/>\n<meta name=\"twitter:label1\" content=\"Gesch\u00e4tzte Lesezeit\" \/>\n\t<meta name=\"twitter:data1\" content=\"4\u00a0Minuten\" \/>\n<script type=\"application\/ld+json\" class=\"yoast-schema-graph\">{\"@context\":\"https:\\\/\\\/schema.org\",\"@graph\":[{\"@type\":\"WebPage\",\"@id\":\"https:\\\/\\\/www.biohof-heinrich.at\\\/?page_id=18\",\"url\":\"https:\\\/\\\/www.biohof-heinrich.at\\\/?page_id=18\",\"name\":\"Datenschutz - Biohof Heinrich\",\"isPartOf\":{\"@id\":\"https:\\\/\\\/www.biohof-heinrich.at\\\/#website\"},\"datePublished\":\"2022-08-24T13:45:35+00:00\",\"dateModified\":\"2022-08-30T08:06:41+00:00\",\"breadcrumb\":{\"@id\":\"https:\\\/\\\/www.biohof-heinrich.at\\\/?page_id=18#breadcrumb\"},\"inLanguage\":\"de\",\"potentialAction\":[{\"@type\":\"ReadAction\",\"target\":[\"https:\\\/\\\/www.biohof-heinrich.at\\\/?page_id=18\"]}]},{\"@type\":\"BreadcrumbList\",\"@id\":\"https:\\\/\\\/www.biohof-heinrich.at\\\/?page_id=18#breadcrumb\",\"itemListElement\":[{\"@type\":\"ListItem\",\"position\":1,\"name\":\"Startseite\",\"item\":\"https:\\\/\\\/www.biohof-heinrich.at\\\/\"},{\"@type\":\"ListItem\",\"position\":2,\"name\":\"Datenschutz\"}]},{\"@type\":\"WebSite\",\"@id\":\"https:\\\/\\\/www.biohof-heinrich.at\\\/#website\",\"url\":\"https:\\\/\\\/www.biohof-heinrich.at\\\/\",\"name\":\"Biohof Heinrich\",\"description\":\"Pferdeeinstellbetrieb\",\"potentialAction\":[{\"@type\":\"SearchAction\",\"target\":{\"@type\":\"EntryPoint\",\"urlTemplate\":\"https:\\\/\\\/www.biohof-heinrich.at\\\/?s={search_term_string}\"},\"query-input\":{\"@type\":\"PropertyValueSpecification\",\"valueRequired\":true,\"valueName\":\"search_term_string\"}}],\"inLanguage\":\"de\"}]}<\/script>\n<!-- \/ Yoast SEO plugin. -->","yoast_head_json":{"title":"Datenschutz - Biohof Heinrich","robots":{"index":"index","follow":"follow","max-snippet":"max-snippet:-1","max-image-preview":"max-image-preview:large","max-video-preview":"max-video-preview:-1"},"canonical":"https:\/\/www.biohof-heinrich.at\/?page_id=18","og_locale":"de_DE","og_type":"article","og_title":"Datenschutz - Biohof Heinrich","og_description":"Datenschutz Datenschutzerkl\u00e4rung In folgender Datenschutzerkl\u00e4rung informieren wir Sie \u00fcber die wichtigsten Aspekte der Datenverarbeitung im Rahmen unserer Webseite. Wir erheben und verarbeiten personenbezogene Daten nur auf Grundlage der gesetzlichen Bestimmungen (Datenschutzgrundverordnung, Telekommunikationsgesetz 2003). Sobald Sie als Benutzer auf unsere Webseite zugreifen oder diese besuchen wird Ihre IP-Adresse, Beginn sowie Beginn und Ende der Sitzung erfasst. [&hellip;]","og_url":"https:\/\/www.biohof-heinrich.at\/?page_id=18","og_site_name":"Biohof Heinrich","article_modified_time":"2022-08-30T08:06:41+00:00","twitter_card":"summary_large_image","twitter_misc":{"Gesch\u00e4tzte Lesezeit":"4\u00a0Minuten"},"schema":{"@context":"https:\/\/schema.org","@graph":[{"@type":"WebPage","@id":"https:\/\/www.biohof-heinrich.at\/?page_id=18","url":"https:\/\/www.biohof-heinrich.at\/?page_id=18","name":"Datenschutz - Biohof Heinrich","isPartOf":{"@id":"https:\/\/www.biohof-heinrich.at\/#website"},"datePublished":"2022-08-24T13:45:35+00:00","dateModified":"2022-08-30T08:06:41+00:00","breadcrumb":{"@id":"https:\/\/www.biohof-heinrich.at\/?page_id=18#breadcrumb"},"inLanguage":"de","potentialAction":[{"@type":"ReadAction","target":["https:\/\/www.biohof-heinrich.at\/?page_id=18"]}]},{"@type":"BreadcrumbList","@id":"https:\/\/www.biohof-heinrich.at\/?page_id=18#breadcrumb","itemListElement":[{"@type":"ListItem","position":1,"name":"Startseite","item":"https:\/\/www.biohof-heinrich.at\/"},{"@type":"ListItem","position":2,"name":"Datenschutz"}]},{"@type":"WebSite","@id":"https:\/\/www.biohof-heinrich.at\/#website","url":"https:\/\/www.biohof-heinrich.at\/","name":"Biohof Heinrich","description":"Pferdeeinstellbetrieb","potentialAction":[{"@type":"SearchAction","target":{"@type":"EntryPoint","urlTemplate":"https:\/\/www.biohof-heinrich.at\/?s={search_term_string}"},"query-input":{"@type":"PropertyValueSpecification","valueRequired":true,"valueName":"search_term_string"}}],"inLanguage":"de"}]}},"_links":{"self":[{"href":"https:\/\/www.biohof-heinrich.at\/index.php?rest_route=\/wp\/v2\/pages\/18","targetHints":{"allow":["GET"]}}],"collection":[{"href":"https:\/\/www.biohof-heinrich.at\/index.php?rest_route=\/wp\/v2\/pages"}],"about":[{"href":"https:\/\/www.biohof-heinrich.at\/index.php?rest_route=\/wp\/v2\/types\/page"}],"author":[{"embeddable":true,"href":"https:\/\/www.biohof-heinrich.at\/index.php?rest_route=\/wp\/v2\/users\/1"}],"replies":[{"embeddable":true,"href":"https:\/\/www.biohof-heinrich.at\/index.php?rest_route=%2Fwp%2Fv2%2Fcomments&post=18"}],"version-history":[{"count":19,"href":"https:\/\/www.biohof-heinrich.at\/index.php?rest_route=\/wp\/v2\/pages\/18\/revisions"}],"predecessor-version":[{"id":394,"href":"https:\/\/www.biohof-heinrich.at\/index.php?rest_route=\/wp\/v2\/pages\/18\/revisions\/394"}],"wp:attachment":[{"href":"https:\/\/www.biohof-heinrich.at\/index.php?rest_route=%2Fwp%2Fv2%2Fmedia&parent=18"}],"curies":[{"name":"wp","href":"https:\/\/api.w.org\/{rel}","templated":true}]}}