{"id":9,"date":"2022-08-24T13:24:00","date_gmt":"2022-08-24T13:24:00","guid":{"rendered":"https:\/\/biohof-heinrich.at.85-25-43-18.atlantic717.startdedicated.de\/?page_id=9"},"modified":"2022-10-16T08:54:11","modified_gmt":"2022-10-16T08:54:11","slug":"biohof-heinrich","status":"publish","type":"page","link":"https:\/\/www.biohof-heinrich.at\/","title":{"rendered":"Biohof Heinrich"},"content":{"rendered":"\t\t<div data-elementor-type=\"wp-page\" data-elementor-id=\"9\" class=\"elementor elementor-9\" data-elementor-post-type=\"page\">\n\t\t\t\t\t\t<section data-particle_enable=\"false\" data-particle-mobile-disabled=\"false\" class=\"elementor-section elementor-top-section elementor-element elementor-element-4926bf5 elementor-section-height-min-height elementor-section-full_width elementor-section-height-default elementor-section-items-middle\" data-id=\"4926bf5\" data-element_type=\"section\" data-e-type=\"section\">\n\t\t\t\t\t\t<div class=\"elementor-container elementor-column-gap-no\">\n\t\t\t\t\t<div class=\"elementor-column elementor-col-100 elementor-top-column elementor-element elementor-element-ac94166\" data-id=\"ac94166\" data-element_type=\"column\" data-e-type=\"column\">\n\t\t\t<div class=\"elementor-widget-wrap elementor-element-populated\">\n\t\t\t\t\t\t<div class=\"elementor-element elementor-element-ced3fa0 elementor--h-position-center elementor--v-position-middle elementor-arrows-position-inside elementor-pagination-position-inside elementor-widget elementor-widget-slides\" data-id=\"ced3fa0\" data-element_type=\"widget\" data-e-type=\"widget\" data-settings=\"{&quot;autoplay_speed&quot;:4000,&quot;transition&quot;:&quot;fade&quot;,&quot;navigation&quot;:&quot;both&quot;,&quot;autoplay&quot;:&quot;yes&quot;,&quot;pause_on_hover&quot;:&quot;yes&quot;,&quot;pause_on_interaction&quot;:&quot;yes&quot;,&quot;infinite&quot;:&quot;yes&quot;,&quot;transition_speed&quot;:500}\" data-widget_type=\"slides.default\">\n\t\t\t\t<div class=\"elementor-widget-container\">\n\t\t\t\t\t\t\t<div class=\"elementor-swiper\">\n\t\t\t<div class=\"elementor-slides-wrapper elementor-main-swiper swiper-container\" dir=\"ltr\" data-animation=\"fadeInUp\">\n\t\t\t\t<div class=\"swiper-wrapper elementor-slides\">\n\t\t\t\t\t\t\t\t\t\t<div class=\"elementor-repeater-item-ef34ce4 swiper-slide\"><div class=\"swiper-slide-bg elementor-ken-burns elementor-ken-burns--in\" role=\"img\"><\/div><a class=\"swiper-slide-inner\" href=\"#elementor-action%3Aaction%3Dpopup%3Aopen%26settings%3DeyJpZCI6IjUwOSIsInRvZ2dsZSI6ZmFsc2V9\"><div class=\"swiper-slide-contents\"><\/div><\/a><\/div><div class=\"elementor-repeater-item-353b5bb swiper-slide\"><div class=\"swiper-slide-bg elementor-ken-burns elementor-ken-burns--in\" role=\"img\"><\/div><a class=\"swiper-slide-inner\" href=\"#elementor-action%3Aaction%3Dpopup%3Aopen%26settings%3DeyJpZCI6IjUxNyIsInRvZ2dsZSI6ZmFsc2V9\"><div class=\"swiper-slide-contents\"><\/div><\/a><\/div><div class=\"elementor-repeater-item-2200553 swiper-slide\"><div class=\"swiper-slide-bg elementor-ken-burns elementor-ken-burns--in\" role=\"img\"><\/div><a class=\"swiper-slide-inner\" href=\"#elementor-action%3Aaction%3Dpopup%3Aopen%26settings%3DeyJpZCI6IjUyNCIsInRvZ2dsZSI6ZmFsc2V9\"><div class=\"swiper-slide-contents\"><\/div><\/a><\/div><div class=\"elementor-repeater-item-aa5f5b0 swiper-slide\"><div class=\"swiper-slide-bg elementor-ken-burns elementor-ken-burns--in\" role=\"img\"><\/div><a class=\"swiper-slide-inner\" href=\"#elementor-action%3Aaction%3Dpopup%3Aopen%26settings%3DeyJpZCI6IjUzMSIsInRvZ2dsZSI6ZmFsc2V9\"><div class=\"swiper-slide-contents\"><\/div><\/a><\/div><div class=\"elementor-repeater-item-fc70423 swiper-slide\"><div class=\"swiper-slide-bg elementor-ken-burns elementor-ken-burns--in\" role=\"img\"><\/div><a class=\"swiper-slide-inner\" href=\"#elementor-action%3Aaction%3Dpopup%3Aopen%26settings%3DeyJpZCI6IjUzOSIsInRvZ2dsZSI6ZmFsc2V9\"><div class=\"swiper-slide-contents\"><\/div><\/a><\/div><div class=\"elementor-repeater-item-62b9b51 swiper-slide\"><div class=\"swiper-slide-bg elementor-ken-burns elementor-ken-burns--in\" role=\"img\"><\/div><a class=\"swiper-slide-inner\" href=\"#elementor-action%3Aaction%3Dpopup%3Aopen%26settings%3DeyJpZCI6IjU0NiIsInRvZ2dsZSI6ZmFsc2V9\"><div class=\"swiper-slide-contents\"><\/div><\/a><\/div><div class=\"elementor-repeater-item-5efcf35 swiper-slide\"><div class=\"swiper-slide-bg elementor-ken-burns elementor-ken-burns--in\" role=\"img\"><\/div><a class=\"swiper-slide-inner\" href=\"#elementor-action%3Aaction%3Dpopup%3Aopen%26settings%3DeyJpZCI6IjU1NSIsInRvZ2dsZSI6ZmFsc2V9\"><div class=\"swiper-slide-contents\"><\/div><\/a><\/div><div class=\"elementor-repeater-item-c387db4 swiper-slide\"><div class=\"swiper-slide-bg elementor-ken-burns elementor-ken-burns--in\" role=\"img\"><\/div><a class=\"swiper-slide-inner\" href=\"#elementor-action%3Aaction%3Dpopup%3Aopen%26settings%3DeyJpZCI6IjU2MSIsInRvZ2dsZSI6ZmFsc2V9\"><div class=\"swiper-slide-contents\"><\/div><\/a><\/div><div class=\"elementor-repeater-item-022c095 swiper-slide\"><div class=\"swiper-slide-bg elementor-ken-burns elementor-ken-burns--in\" role=\"img\"><\/div><a class=\"swiper-slide-inner\" href=\"#elementor-action%3Aaction%3Dpopup%3Aopen%26settings%3DeyJpZCI6IjQ5MiIsInRvZ2dsZSI6ZmFsc2V9\"><div class=\"swiper-slide-contents\"><\/div><\/a><\/div>\t\t\t\t<\/div>\n\t\t\t\t\t\t\t\t\t\t\t\t\t\t\t<div class=\"swiper-pagination\"><\/div>\n\t\t\t\t\t\t\t\t\t\t\t\t\t\t\t\t<div class=\"elementor-swiper-button elementor-swiper-button-prev\" role=\"button\" tabindex=\"0\">\n\t\t\t\t\t\t\t<i aria-hidden=\"true\" class=\"eicon-chevron-left\"><\/i>\t\t\t\t\t\t\t<span class=\"elementor-screen-only\">Vorheriger Slide<\/span>\n\t\t\t\t\t\t<\/div>\n\t\t\t\t\t\t<div class=\"elementor-swiper-button elementor-swiper-button-next\" role=\"button\" tabindex=\"0\">\n\t\t\t\t\t\t\t<i aria-hidden=\"true\" class=\"eicon-chevron-right\"><\/i>\t\t\t\t\t\t\t<span class=\"elementor-screen-only\">N\u00e4chster Slide<\/span>\n\t\t\t\t\t\t<\/div>\n\t\t\t\t\t\t\t\t\t\t\t\t<\/div>\n\t\t<\/div>\n\t\t\t\t\t\t<\/div>\n\t\t\t\t<\/div>\n\t\t\t\t\t<\/div>\n\t\t<\/div>\n\t\t\t\t\t<\/div>\n\t\t<\/section>\n\t\t\t\t<section data-particle_enable=\"false\" data-particle-mobile-disabled=\"false\" class=\"elementor-section elementor-top-section elementor-element elementor-element-f17d037 elementor-section-boxed elementor-section-height-default elementor-section-height-default\" data-id=\"f17d037\" data-element_type=\"section\" data-e-type=\"section\">\n\t\t\t\t\t\t<div class=\"elementor-container elementor-column-gap-default\">\n\t\t\t\t\t<div class=\"elementor-column elementor-col-100 elementor-top-column elementor-element elementor-element-7d64926\" data-id=\"7d64926\" data-element_type=\"column\" data-e-type=\"column\">\n\t\t\t<div class=\"elementor-widget-wrap elementor-element-populated\">\n\t\t\t\t\t\t<div class=\"elementor-element elementor-element-64146bb animated-slow elementor-invisible elementor-widget elementor-widget-heading\" data-id=\"64146bb\" data-element_type=\"widget\" data-e-type=\"widget\" data-settings=\"{&quot;_animation&quot;:&quot;fadeIn&quot;}\" data-widget_type=\"heading.default\">\n\t\t\t\t<div class=\"elementor-widget-container\">\n\t\t\t\t\t<h1 class=\"elementor-heading-title elementor-size-default\">Herzlich Willkommen am<\/h1>\t\t\t\t<\/div>\n\t\t\t\t<\/div>\n\t\t\t\t<div class=\"elementor-element elementor-element-c2e005b animated-slow elementor-invisible elementor-widget elementor-widget-heading\" data-id=\"c2e005b\" data-element_type=\"widget\" data-e-type=\"widget\" data-settings=\"{&quot;_animation&quot;:&quot;fadeInDown&quot;}\" data-widget_type=\"heading.default\">\n\t\t\t\t<div class=\"elementor-widget-container\">\n\t\t\t\t\t<h1 class=\"elementor-heading-title elementor-size-default\">Biohof Heinrich!<\/h1>\t\t\t\t<\/div>\n\t\t\t\t<\/div>\n\t\t\t\t\t<\/div>\n\t\t<\/div>\n\t\t\t\t\t<\/div>\n\t\t<\/section>\n\t\t\t\t<section data-particle_enable=\"false\" data-particle-mobile-disabled=\"false\" class=\"elementor-section elementor-top-section elementor-element elementor-element-75071483 elementor-section-content-middle elementor-section-boxed elementor-section-height-default elementor-section-height-default\" data-id=\"75071483\" data-element_type=\"section\" data-e-type=\"section\" data-settings=\"{&quot;background_background&quot;:&quot;classic&quot;}\">\n\t\t\t\t\t\t<div class=\"elementor-container elementor-column-gap-extended\">\n\t\t\t\t\t<div class=\"elementor-column elementor-col-50 elementor-top-column elementor-element elementor-element-6e007e17\" data-id=\"6e007e17\" data-element_type=\"column\" data-e-type=\"column\">\n\t\t\t<div class=\"elementor-widget-wrap elementor-element-populated\">\n\t\t\t\t\t\t<div class=\"elementor-element elementor-element-86a1ebe animated-slow elementor-invisible elementor-widget elementor-widget-heading\" data-id=\"86a1ebe\" data-element_type=\"widget\" data-e-type=\"widget\" data-settings=\"{&quot;_animation&quot;:&quot;fadeInLeft&quot;}\" data-widget_type=\"heading.default\">\n\t\t\t\t<div class=\"elementor-widget-container\">\n\t\t\t\t\t<h4 class=\"elementor-heading-title elementor-size-default\">Unser famili\u00e4r gef\u00fchrter Pferdeeinstellbetrieb befindet sich in ruhiger Lage auf der Wilhelmsh\u00f6he in Tullnerbach im Wienerwald.<\/h4>\t\t\t\t<\/div>\n\t\t\t\t<\/div>\n\t\t\t\t<div class=\"elementor-element elementor-element-0a71fd4 animated-slow elementor-invisible elementor-widget elementor-widget-text-editor\" data-id=\"0a71fd4\" data-element_type=\"widget\" data-e-type=\"widget\" data-settings=\"{&quot;_animation&quot;:&quot;fadeInLeft&quot;}\" data-widget_type=\"text-editor.default\">\n\t\t\t\t<div class=\"elementor-widget-container\">\n\t\t\t\t\t\t\t\t\t<p>S\u00e4mtliche von uns gef\u00fctterten Futtermittel sind selbst erzeugt und entsprechen den Bio \u2013 Vorgaben.<br \/>Unsere Gro\u00dfpferde stehen tags\u00fcber gemeinsam auf der befestigten Tretkoppel, w\u00e4hrend der Weidesaison ist auch ein t\u00e4glicher Weidegang auf wechselnden Futterweiden vorgesehen. Die Nacht verbringen die Pferde in ihren Boxen, hier finden auch die 2 t\u00e4glichen F\u00fctterungen (morgens &amp; abends) statt \u2013 dies erm\u00f6glicht eine individuell angepasste F\u00fctterung. Wir verf\u00fcttern je nach Bedarf Heu, Heulage und Kraftfutter (Hafer \/ Gerste).<\/p>\t\t\t\t\t\t\t\t<\/div>\n\t\t\t\t<\/div>\n\t\t\t\t\t<\/div>\n\t\t<\/div>\n\t\t\t\t<div class=\"elementor-column elementor-col-50 elementor-top-column elementor-element elementor-element-4d33e13e\" data-id=\"4d33e13e\" data-element_type=\"column\" data-e-type=\"column\">\n\t\t\t<div class=\"elementor-widget-wrap elementor-element-populated\">\n\t\t\t\t\t\t<div class=\"elementor-element elementor-element-85297fe elementor-widget elementor-widget-image\" data-id=\"85297fe\" data-element_type=\"widget\" data-e-type=\"widget\" data-widget_type=\"image.default\">\n\t\t\t\t<div class=\"elementor-widget-container\">\n\t\t\t\t\t\t\t\t\t\t\t\t\t\t\t<img fetchpriority=\"high\" decoding=\"async\" width=\"768\" height=\"1024\" src=\"https:\/\/www.biohof-heinrich.at\/wp-content\/uploads\/2022\/08\/10_Heinrich-768x1024.jpg\" class=\"attachment-large size-large wp-image-76\" alt=\"\" srcset=\"https:\/\/www.biohof-heinrich.at\/wp-content\/uploads\/2022\/08\/10_Heinrich-768x1024.jpg 768w, https:\/\/www.biohof-heinrich.at\/wp-content\/uploads\/2022\/08\/10_Heinrich-225x300.jpg 225w, https:\/\/www.biohof-heinrich.at\/wp-content\/uploads\/2022\/08\/10_Heinrich-1152x1536.jpg 1152w, https:\/\/www.biohof-heinrich.at\/wp-content\/uploads\/2022\/08\/10_Heinrich-1536x2048.jpg 1536w, https:\/\/www.biohof-heinrich.at\/wp-content\/uploads\/2022\/08\/elementor\/thumbs\/10_Heinrich-scaled-pts64l6c685zurqahq3a07ebtftkavz310dyj5gfuo.jpg 600w, https:\/\/www.biohof-heinrich.at\/wp-content\/uploads\/2022\/08\/10_Heinrich-scaled.jpg 1920w\" sizes=\"(max-width: 768px) 100vw, 768px\" \/>\t\t\t\t\t\t\t\t\t\t\t\t\t\t\t<\/div>\n\t\t\t\t<\/div>\n\t\t\t\t\t<\/div>\n\t\t<\/div>\n\t\t\t\t\t<\/div>\n\t\t<\/section>\n\t\t\t\t<section data-particle_enable=\"false\" data-particle-mobile-disabled=\"false\" class=\"elementor-section elementor-top-section elementor-element elementor-element-6dc256b9 elementor-section-boxed elementor-section-height-default elementor-section-height-default\" data-id=\"6dc256b9\" data-element_type=\"section\" data-e-type=\"section\" data-settings=\"{&quot;background_background&quot;:&quot;classic&quot;}\">\n\t\t\t\t\t\t<div class=\"elementor-container elementor-column-gap-extended\">\n\t\t\t\t\t<div class=\"elementor-column elementor-col-50 elementor-top-column elementor-element elementor-element-5ab68b7\" data-id=\"5ab68b7\" data-element_type=\"column\" data-e-type=\"column\">\n\t\t\t<div class=\"elementor-widget-wrap elementor-element-populated\">\n\t\t\t\t\t\t<div class=\"elementor-element elementor-element-383f0032 animated-slow elementor-invisible elementor-widget elementor-widget-text-editor\" data-id=\"383f0032\" data-element_type=\"widget\" data-e-type=\"widget\" data-settings=\"{&quot;_animation&quot;:&quot;fadeInUp&quot;}\" data-widget_type=\"text-editor.default\">\n\t\t\t\t<div class=\"elementor-widget-container\">\n\t\t\t\t\t\t\t\t\t<p>F\u00fcr Islandpferde stehen Offenstallpl\u00e4tze zur Verf\u00fcgung.<\/p>\t\t\t\t\t\t\t\t<\/div>\n\t\t\t\t<\/div>\n\t\t\t\t\t<\/div>\n\t\t<\/div>\n\t\t\t\t<div class=\"elementor-column elementor-col-50 elementor-top-column elementor-element elementor-element-7d82f61\" data-id=\"7d82f61\" data-element_type=\"column\" data-e-type=\"column\">\n\t\t\t<div class=\"elementor-widget-wrap elementor-element-populated\">\n\t\t\t\t\t\t<div class=\"elementor-element elementor-element-be2c4ed animated-slow elementor-invisible elementor-widget elementor-widget-text-editor\" data-id=\"be2c4ed\" data-element_type=\"widget\" data-e-type=\"widget\" data-settings=\"{&quot;_animation&quot;:&quot;fadeInUp&quot;}\" data-widget_type=\"text-editor.default\">\n\t\t\t\t<div class=\"elementor-widget-container\">\n\t\t\t\t\t\t\t\t\t<p>Als Reitm\u00f6glichkeit stehen ein beleuchtetes Viereck (20x40m) sowie ein weitl\u00e4ufiges Reitwegenetz im Wienerwald zur Verf\u00fcgung<\/p>\t\t\t\t\t\t\t\t<\/div>\n\t\t\t\t<\/div>\n\t\t\t\t\t<\/div>\n\t\t<\/div>\n\t\t\t\t\t<\/div>\n\t\t<\/section>\n\t\t\t\t<\/div>\n\t\t","protected":false},"excerpt":{"rendered":"<p>Voriger N\u00e4chster Herzlich Willkommen am Biohof Heinrich! Unser famili\u00e4r gef\u00fchrter Pferdeeinstellbetrieb befindet sich in ruhiger Lage auf der Wilhelmsh\u00f6he in Tullnerbach im Wienerwald. S\u00e4mtliche von uns gef\u00fctterten Futtermittel sind selbst erzeugt und entsprechen den Bio \u2013 Vorgaben. Unsere Gro\u00dfpferde stehen tags\u00fcber gemeinsam auf der befestigten Tretkoppel, w\u00e4hrend der Weidesaison ist auch ein t\u00e4glicher Weidegang auf [&hellip;]<\/p>\n","protected":false},"author":1,"featured_media":0,"parent":0,"menu_order":0,"comment_status":"closed","ping_status":"closed","template":"","meta":{"footnotes":""},"class_list":["post-9","page","type-page","status-publish","hentry"],"yoast_head":"<!-- This site is optimized with the Yoast SEO plugin v27.4 - https:\/\/yoast.com\/product\/yoast-seo-wordpress\/ -->\n<title>Biohof Heinrich<\/title>\n<meta name=\"description\" content=\"Unser famili\u00e4r gef\u00fchrter Pferdeeinstellbetrieb befindet sich in ruhiger Lage auf der Wilhelmsh\u00f6he in Tullnerbach im Wienerwald.\" \/>\n<meta name=\"robots\" content=\"index, follow, max-snippet:-1, max-image-preview:large, max-video-preview:-1\" \/>\n<link rel=\"canonical\" href=\"https:\/\/www.biohof-heinrich.at\/\" \/>\n<meta property=\"og:locale\" content=\"de_DE\" \/>\n<meta property=\"og:type\" content=\"article\" \/>\n<meta property=\"og:title\" content=\"Biohof Heinrich\" \/>\n<meta property=\"og:description\" content=\"Unser famili\u00e4r gef\u00fchrter Pferdeeinstellbetrieb befindet sich in ruhiger Lage auf der Wilhelmsh\u00f6he in Tullnerbach im Wienerwald.\" \/>\n<meta property=\"og:url\" content=\"https:\/\/www.biohof-heinrich.at\/\" \/>\n<meta property=\"og:site_name\" content=\"Biohof Heinrich\" \/>\n<meta property=\"article:modified_time\" content=\"2022-10-16T08:54:11+00:00\" \/>\n<meta property=\"og:image\" content=\"https:\/\/www.biohof-heinrich.at\/wp-content\/uploads\/2022\/08\/10_Heinrich-768x1024.jpg\" \/>\n<meta name=\"twitter:card\" content=\"summary_large_image\" \/>\n<meta name=\"twitter:label1\" content=\"Gesch\u00e4tzte Lesezeit\" \/>\n\t<meta name=\"twitter:data1\" content=\"1\u00a0Minute\" \/>\n<script type=\"application\/ld+json\" class=\"yoast-schema-graph\">{\"@context\":\"https:\\\/\\\/schema.org\",\"@graph\":[{\"@type\":\"WebPage\",\"@id\":\"https:\\\/\\\/www.biohof-heinrich.at\\\/\",\"url\":\"https:\\\/\\\/www.biohof-heinrich.at\\\/\",\"name\":\"Biohof Heinrich\",\"isPartOf\":{\"@id\":\"https:\\\/\\\/www.biohof-heinrich.at\\\/#website\"},\"primaryImageOfPage\":{\"@id\":\"https:\\\/\\\/www.biohof-heinrich.at\\\/#primaryimage\"},\"image\":{\"@id\":\"https:\\\/\\\/www.biohof-heinrich.at\\\/#primaryimage\"},\"thumbnailUrl\":\"https:\\\/\\\/www.biohof-heinrich.at\\\/wp-content\\\/uploads\\\/2022\\\/08\\\/10_Heinrich-768x1024.jpg\",\"datePublished\":\"2022-08-24T13:24:00+00:00\",\"dateModified\":\"2022-10-16T08:54:11+00:00\",\"description\":\"Unser famili\u00e4r gef\u00fchrter Pferdeeinstellbetrieb befindet sich in ruhiger Lage auf der Wilhelmsh\u00f6he in Tullnerbach im Wienerwald.\",\"breadcrumb\":{\"@id\":\"https:\\\/\\\/www.biohof-heinrich.at\\\/#breadcrumb\"},\"inLanguage\":\"de\",\"potentialAction\":[{\"@type\":\"ReadAction\",\"target\":[\"https:\\\/\\\/www.biohof-heinrich.at\\\/\"]}]},{\"@type\":\"ImageObject\",\"inLanguage\":\"de\",\"@id\":\"https:\\\/\\\/www.biohof-heinrich.at\\\/#primaryimage\",\"url\":\"https:\\\/\\\/www.biohof-heinrich.at\\\/wp-content\\\/uploads\\\/2022\\\/08\\\/10_Heinrich-scaled.jpg\",\"contentUrl\":\"https:\\\/\\\/www.biohof-heinrich.at\\\/wp-content\\\/uploads\\\/2022\\\/08\\\/10_Heinrich-scaled.jpg\",\"width\":1920,\"height\":2560},{\"@type\":\"BreadcrumbList\",\"@id\":\"https:\\\/\\\/www.biohof-heinrich.at\\\/#breadcrumb\",\"itemListElement\":[{\"@type\":\"ListItem\",\"position\":1,\"name\":\"Startseite\",\"item\":\"https:\\\/\\\/www.biohof-heinrich.at\\\/\"},{\"@type\":\"ListItem\",\"position\":2,\"name\":\"Biohof Heinrich\"}]},{\"@type\":\"WebSite\",\"@id\":\"https:\\\/\\\/www.biohof-heinrich.at\\\/#website\",\"url\":\"https:\\\/\\\/www.biohof-heinrich.at\\\/\",\"name\":\"Biohof Heinrich\",\"description\":\"Pferdeeinstellbetrieb\",\"potentialAction\":[{\"@type\":\"SearchAction\",\"target\":{\"@type\":\"EntryPoint\",\"urlTemplate\":\"https:\\\/\\\/www.biohof-heinrich.at\\\/?s={search_term_string}\"},\"query-input\":{\"@type\":\"PropertyValueSpecification\",\"valueRequired\":true,\"valueName\":\"search_term_string\"}}],\"inLanguage\":\"de\"}]}<\/script>\n<!-- \/ Yoast SEO plugin. -->","yoast_head_json":{"title":"Biohof Heinrich","description":"Unser famili\u00e4r gef\u00fchrter Pferdeeinstellbetrieb befindet sich in ruhiger Lage auf der Wilhelmsh\u00f6he in Tullnerbach im Wienerwald.","robots":{"index":"index","follow":"follow","max-snippet":"max-snippet:-1","max-image-preview":"max-image-preview:large","max-video-preview":"max-video-preview:-1"},"canonical":"https:\/\/www.biohof-heinrich.at\/","og_locale":"de_DE","og_type":"article","og_title":"Biohof Heinrich","og_description":"Unser famili\u00e4r gef\u00fchrter Pferdeeinstellbetrieb befindet sich in ruhiger Lage auf der Wilhelmsh\u00f6he in Tullnerbach im Wienerwald.","og_url":"https:\/\/www.biohof-heinrich.at\/","og_site_name":"Biohof Heinrich","article_modified_time":"2022-10-16T08:54:11+00:00","og_image":[{"url":"https:\/\/www.biohof-heinrich.at\/wp-content\/uploads\/2022\/08\/10_Heinrich-768x1024.jpg","type":"","width":"","height":""}],"twitter_card":"summary_large_image","twitter_misc":{"Gesch\u00e4tzte Lesezeit":"1\u00a0Minute"},"schema":{"@context":"https:\/\/schema.org","@graph":[{"@type":"WebPage","@id":"https:\/\/www.biohof-heinrich.at\/","url":"https:\/\/www.biohof-heinrich.at\/","name":"Biohof Heinrich","isPartOf":{"@id":"https:\/\/www.biohof-heinrich.at\/#website"},"primaryImageOfPage":{"@id":"https:\/\/www.biohof-heinrich.at\/#primaryimage"},"image":{"@id":"https:\/\/www.biohof-heinrich.at\/#primaryimage"},"thumbnailUrl":"https:\/\/www.biohof-heinrich.at\/wp-content\/uploads\/2022\/08\/10_Heinrich-768x1024.jpg","datePublished":"2022-08-24T13:24:00+00:00","dateModified":"2022-10-16T08:54:11+00:00","description":"Unser famili\u00e4r gef\u00fchrter Pferdeeinstellbetrieb befindet sich in ruhiger Lage auf der Wilhelmsh\u00f6he in Tullnerbach im Wienerwald.","breadcrumb":{"@id":"https:\/\/www.biohof-heinrich.at\/#breadcrumb"},"inLanguage":"de","potentialAction":[{"@type":"ReadAction","target":["https:\/\/www.biohof-heinrich.at\/"]}]},{"@type":"ImageObject","inLanguage":"de","@id":"https:\/\/www.biohof-heinrich.at\/#primaryimage","url":"https:\/\/www.biohof-heinrich.at\/wp-content\/uploads\/2022\/08\/10_Heinrich-scaled.jpg","contentUrl":"https:\/\/www.biohof-heinrich.at\/wp-content\/uploads\/2022\/08\/10_Heinrich-scaled.jpg","width":1920,"height":2560},{"@type":"BreadcrumbList","@id":"https:\/\/www.biohof-heinrich.at\/#breadcrumb","itemListElement":[{"@type":"ListItem","position":1,"name":"Startseite","item":"https:\/\/www.biohof-heinrich.at\/"},{"@type":"ListItem","position":2,"name":"Biohof Heinrich"}]},{"@type":"WebSite","@id":"https:\/\/www.biohof-heinrich.at\/#website","url":"https:\/\/www.biohof-heinrich.at\/","name":"Biohof Heinrich","description":"Pferdeeinstellbetrieb","potentialAction":[{"@type":"SearchAction","target":{"@type":"EntryPoint","urlTemplate":"https:\/\/www.biohof-heinrich.at\/?s={search_term_string}"},"query-input":{"@type":"PropertyValueSpecification","valueRequired":true,"valueName":"search_term_string"}}],"inLanguage":"de"}]}},"_links":{"self":[{"href":"https:\/\/www.biohof-heinrich.at\/index.php?rest_route=\/wp\/v2\/pages\/9","targetHints":{"allow":["GET"]}}],"collection":[{"href":"https:\/\/www.biohof-heinrich.at\/index.php?rest_route=\/wp\/v2\/pages"}],"about":[{"href":"https:\/\/www.biohof-heinrich.at\/index.php?rest_route=\/wp\/v2\/types\/page"}],"author":[{"embeddable":true,"href":"https:\/\/www.biohof-heinrich.at\/index.php?rest_route=\/wp\/v2\/users\/1"}],"replies":[{"embeddable":true,"href":"https:\/\/www.biohof-heinrich.at\/index.php?rest_route=%2Fwp%2Fv2%2Fcomments&post=9"}],"version-history":[{"count":228,"href":"https:\/\/www.biohof-heinrich.at\/index.php?rest_route=\/wp\/v2\/pages\/9\/revisions"}],"predecessor-version":[{"id":654,"href":"https:\/\/www.biohof-heinrich.at\/index.php?rest_route=\/wp\/v2\/pages\/9\/revisions\/654"}],"wp:attachment":[{"href":"https:\/\/www.biohof-heinrich.at\/index.php?rest_route=%2Fwp%2Fv2%2Fmedia&parent=9"}],"curies":[{"name":"wp","href":"https:\/\/api.w.org\/{rel}","templated":true}]}}